{"id":1298,"date":"2021-01-31T09:07:26","date_gmt":"2021-01-31T09:07:26","guid":{"rendered":"https:\/\/wordpress.vecurosoft.com\/grillinator\/?page_id=1298"},"modified":"2024-07-11T04:17:45","modified_gmt":"2024-07-11T04:17:45","slug":"reservation-two","status":"publish","type":"page","link":"https:\/\/thephams.eu\/hu\/reservation-two\/","title":{"rendered":"Reservation Two"},"content":{"rendered":"<div data-elementor-type=\"wp-page\" data-elementor-id=\"1298\" class=\"elementor elementor-1298\" data-elementor-post-type=\"page\">\n\t\t\t\t\t\t<section class=\"elementor-section elementor-top-section elementor-element elementor-element-fb99cf5 elementor-section-boxed elementor-section-height-default elementor-section-height-default\" data-id=\"fb99cf5\" data-element_type=\"section\">\n\t\t\t\t\t\t<div class=\"elementor-container elementor-column-gap-no\">\n\t\t\t\t\t<div class=\"elementor-column elementor-col-100 elementor-top-column elementor-element elementor-element-c3f838e\" data-id=\"c3f838e\" data-element_type=\"column\">\n\t\t\t<div class=\"elementor-widget-wrap elementor-element-populated\">\n\t\t\t\t\t\t<section class=\"elementor-section elementor-inner-section elementor-element elementor-element-d4b9b1d elementor-section-content-middle elementor-section-boxed elementor-section-height-default elementor-section-height-default\" data-id=\"d4b9b1d\" data-element_type=\"section\">\n\t\t\t\t\t\t<div class=\"elementor-container elementor-column-gap-no\">\n\t\t\t\t\t<div class=\"elementor-column elementor-col-50 elementor-inner-column elementor-element elementor-element-5790808\" data-id=\"5790808\" data-element_type=\"column\" data-settings=\"{&quot;background_background&quot;:&quot;classic&quot;}\">\n\t\t\t<div class=\"elementor-widget-wrap elementor-element-populated\">\n\t\t\t\t\t<div class=\"elementor-background-overlay\"><\/div>\n\t\t\t\t\t\t<div class=\"elementor-element elementor-element-6cfb32b elementor-widget elementor-widget-image\" data-id=\"6cfb32b\" data-element_type=\"widget\" data-widget_type=\"image.default\">\n\t\t\t\t<div class=\"elementor-widget-container\">\n\t\t\t\t\t\t\t\t\t\t\t\t\t<img decoding=\"async\" width=\"108\" height=\"109\" src=\"https:\/\/thephams.eu\/wp-content\/uploads\/2021\/01\/clock-icon-2.png\" class=\"attachment-full size-full wp-image-1305\" alt=\"\" srcset=\"https:\/\/thephams.eu\/wp-content\/uploads\/2021\/01\/clock-icon-2.png 108w, https:\/\/thephams.eu\/wp-content\/uploads\/2021\/01\/clock-icon-2-100x100.png 100w\" sizes=\"(max-width: 108px) 100vw, 108px\" \/>\t\t\t\t\t\t\t\t\t\t\t\t\t<\/div>\n\t\t\t\t<\/div>\n\t\t\t\t<div class=\"elementor-element elementor-element-63cd372 elementor-widget elementor-widget-heading\" data-id=\"63cd372\" data-element_type=\"widget\" data-widget_type=\"heading.default\">\n\t\t\t\t<div class=\"elementor-widget-container\">\n\t\t\t<h2 class=\"elementor-heading-title elementor-size-default\">Nyitvatart\u00e1si id\u0151<\/h2>\t\t<\/div>\n\t\t\t\t<\/div>\n\t\t\t\t<div class=\"elementor-element elementor-element-3154ef7 elementor-widget elementor-widget-text-editor\" data-id=\"3154ef7\" data-element_type=\"widget\" data-widget_type=\"text-editor.default\">\n\t\t\t\t<div class=\"elementor-widget-container\">\n\t\t\t\t\t\t\t<p class=\"mb-0\"><span style=\"color: #ffffff;\">Monday &#8211; Thursday<\/span><\/p><p class=\"mb-0\"><span style=\"color: #ffffff;\">08am &#8211; 10pm<\/span><\/p><p class=\"mb-0\"><span style=\"color: #ffffff;\">Friday &#8211; Sunday<\/span><\/p><p class=\"mb-0\"><span style=\"color: #ffffff;\">10am &#8211; 05pm<\/span><\/p>\t\t\t\t\t\t<\/div>\n\t\t\t\t<\/div>\n\t\t\t\t<div class=\"elementor-element elementor-element-e1bd3a2 elementor-widget elementor-widget-heading\" data-id=\"e1bd3a2\" data-element_type=\"widget\" data-widget_type=\"heading.default\">\n\t\t\t\t<div class=\"elementor-widget-container\">\n\t\t\t<h2 class=\"elementor-heading-title elementor-size-default\">C\u00edm<\/h2>\t\t<\/div>\n\t\t\t\t<\/div>\n\t\t\t\t<div class=\"elementor-element elementor-element-a921c99 elementor-icon-list--layout-traditional elementor-list-item-link-full_width elementor-widget elementor-widget-icon-list\" data-id=\"a921c99\" data-element_type=\"widget\" data-widget_type=\"icon-list.default\">\n\t\t\t\t<div class=\"elementor-widget-container\">\n\t\t\t\t\t<ul class=\"elementor-icon-list-items\">\n\t\t\t\t\t\t\t<li class=\"elementor-icon-list-item\">\n\t\t\t\t\t\t\t\t\t\t\t<span class=\"elementor-icon-list-icon\">\n\t\t\t\t\t\t\t<svg aria-hidden=\"true\" class=\"e-font-icon-svg e-fas-map-marker-alt\" viewbox=\"0 0 384 512\" xmlns=\"http:\/\/www.w3.org\/2000\/svg\"><path d=\"M172.268 501.67C26.97 291.031 0 269.413 0 192 0 85.961 85.961 0 192 0s192 85.961 192 192c0 77.413-26.97 99.031-172.268 309.67-9.535 13.774-29.93 13.773-39.464 0zM192 272c44.183 0 80-35.817 80-80s-35.817-80-80-80-80 35.817-80 80 35.817 80 80 80z\"><\/path><\/svg>\t\t\t\t\t\t<\/span>\n\t\t\t\t\t\t\t\t\t\t<span class=\"elementor-icon-list-text\">374 William S Canning Blvd, Fall River MA 2721<\/span>\n\t\t\t\t\t\t\t\t\t<\/li>\n\t\t\t\t\t\t\t\t<li class=\"elementor-icon-list-item\">\n\t\t\t\t\t\t\t\t\t\t\t<span class=\"elementor-icon-list-icon\">\n\t\t\t\t\t\t\t<svg aria-hidden=\"true\" class=\"e-font-icon-svg e-fas-map-marker-alt\" viewbox=\"0 0 384 512\" xmlns=\"http:\/\/www.w3.org\/2000\/svg\"><path d=\"M172.268 501.67C26.97 291.031 0 269.413 0 192 0 85.961 85.961 0 192 0s192 85.961 192 192c0 77.413-26.97 99.031-172.268 309.67-9.535 13.774-29.93 13.773-39.464 0zM192 272c44.183 0 80-35.817 80-80s-35.817-80-80-80-80 35.817-80 80 35.817 80 80 80z\"><\/path><\/svg>\t\t\t\t\t\t<\/span>\n\t\t\t\t\t\t\t\t\t\t<span class=\"elementor-icon-list-text\">776 David Tower SDD, New York, London<\/span>\n\t\t\t\t\t\t\t\t\t<\/li>\n\t\t\t\t\t\t<\/ul>\n\t\t\t\t<\/div>\n\t\t\t\t<\/div>\n\t\t\t\t<div class=\"elementor-element elementor-element-f7038d6 elementor-widget elementor-widget-text-editor\" data-id=\"f7038d6\" data-element_type=\"widget\" data-widget_type=\"text-editor.default\">\n\t\t\t\t<div class=\"elementor-widget-container\">\n\t\t\t\t\t\t\t<div class=\"media align-items-center z-index-common\">\n                            <div class=\"media-icon mr-10\">\n                                <span class=\"text-white\"><i class=\"fal fa-clock fa-2x\"><\/i><\/span>\n                            <\/div>\n                            <div class=\"media-body\">\n                                <span class=\"text-white\">Call for Order<\/span>\n                                <a href=\"tel: 869526212\" class=\"h4 mb-0 d-block text-font1 text-white\">+869 526 212<\/a>\n                            <\/div>\n                        <\/div>\t\t\t\t\t\t<\/div>\n\t\t\t\t<\/div>\n\t\t\t\t\t<\/div>\n\t\t<\/div>\n\t\t\t\t<div class=\"elementor-column elementor-col-50 elementor-inner-column elementor-element elementor-element-e9f8ced\" data-id=\"e9f8ced\" data-element_type=\"column\" data-settings=\"{&quot;background_background&quot;:&quot;classic&quot;}\">\n\t\t\t<div class=\"elementor-widget-wrap elementor-element-populated\">\n\t\t\t\t\t\t<div class=\"elementor-element elementor-element-28ba9d2 elementor-widget elementor-widget-grillinatorsectiontitle\" data-id=\"28ba9d2\" data-element_type=\"widget\" data-widget_type=\"grillinatorsectiontitle.default\">\n\t\t\t\t<div class=\"elementor-widget-container\">\n\t\t\t<!-- Section Title --><div class=\"section-title\" ><h2 class=\"sec-title1 title-selector\">Foglal\u00e1s<\/h2><p class=\"desc\">Book a Table<\/p><\/div><!-- End Section Title -->\t\t<\/div>\n\t\t\t\t<\/div>\n\t\t\t\t<div class=\"elementor-element elementor-element-a063e23 elementor-widget elementor-widget-shortcode\" data-id=\"a063e23\" data-element_type=\"widget\" data-widget_type=\"shortcode.default\">\n\t\t\t\t<div class=\"elementor-widget-container\">\n\t\t\t\t\t<div class=\"elementor-shortcode\">\n<div class=\"wpcf7 no-js\" id=\"wpcf7-f1353-o1\" lang=\"en-US\" dir=\"ltr\">\n<div class=\"screen-reader-response\"><p role=\"status\" aria-live=\"polite\" aria-atomic=\"true\"><\/p> <ul><\/ul><\/div>\n<form action=\"\/wp-json\/wp\/v2\/pages\/1298\" method=\"post\" class=\"wpcf7-form init\" aria-label=\"Contact form\" novalidate=\"novalidate\" data-status=\"init\" data-trp-original-action=\"\/hu\/wp-json\/wp\/v2\/pages\/1298#wpcf7-f1353-o1\">\n<div style=\"display: none;\">\n<input type=\"hidden\" name=\"_wpcf7\" value=\"1353\" \/>\n<input type=\"hidden\" name=\"_wpcf7_version\" value=\"5.9.8\" \/>\n<input type=\"hidden\" name=\"_wpcf7_locale\" value=\"en_US\" \/>\n<input type=\"hidden\" name=\"_wpcf7_unit_tag\" value=\"wpcf7-f1353-o1\" \/>\n<input type=\"hidden\" name=\"_wpcf7_container_post\" value=\"0\" \/>\n<input type=\"hidden\" name=\"_wpcf7_posted_data_hash\" value=\"\" \/>\n<\/div>\n<div class=\"reservation-form\"><div class=\"row\">\n                        <div class=\"col-lg-12 form-group\"><span class=\"wpcf7-form-control-wrap\" data-name=\"text-867\"><input size=\"40\" maxlength=\"400\" class=\"wpcf7-form-control wpcf7-text wpcf7-validates-as-required form-control\" aria-required=\"true\" aria-invalid=\"false\" placeholder=\"Total Person\" value=\"\" type=\"text\" name=\"text-867\" \/><\/span><i class=\"fal fa-users\"><\/i><\/div>\n                        <div class=\"col-lg-12 form-group\"><span class=\"wpcf7-form-control-wrap\" data-name=\"text-354\"><input size=\"40\" maxlength=\"400\" class=\"wpcf7-form-control wpcf7-text wpcf7-validates-as-required form-control date-pick\" aria-required=\"true\" aria-invalid=\"false\" value=\"05 - 10 - 2020\" type=\"text\" name=\"text-354\" \/><\/span><i class=\"fal fa-calendar-alt\"><\/i><\/div>\n                        <div class=\"col-lg-12 form-group\"><span class=\"wpcf7-form-control-wrap\" data-name=\"text-353\"><input size=\"40\" maxlength=\"400\" class=\"wpcf7-form-control wpcf7-text wpcf7-validates-as-required form-control time-pick\" aria-required=\"true\" aria-invalid=\"false\" value=\"7:00 pm\" type=\"text\" name=\"text-353\" \/><\/span><i class=\"fal fa-clock\"><\/i><\/div>\n                        <div class=\"col-12 form-group\"><span class=\"wpcf7-form-control-wrap\" data-name=\"textarea-935\"><textarea cols=\"40\" rows=\"10\" maxlength=\"2000\" class=\"wpcf7-form-control wpcf7-textarea wpcf7-validates-as-required form-control\" aria-required=\"true\" aria-invalid=\"false\" placeholder=\"Booking Purpose\" name=\"textarea-935\"><\/textarea><\/span><i class=\"fal fa-pencil-alt\"><\/i><\/div>\n                        <div class=\"col-12 form-group pt-xl-20 mb-0 text-center\"><button class=\"vs-btn style3 rounded-0 wpcf7-submit\">\u00dczenet k\u00fcld\u00e9se<\/button><\/div><\/div><\/div><div class=\"wpcf7-response-output\" aria-hidden=\"true\"><\/div>\n<input type=\"hidden\" name=\"trp-form-language\" value=\"hu\"\/><\/form>\n<\/div>\n<\/div>\n\t\t\t\t<\/div>\n\t\t\t\t<\/div>\n\t\t\t\t\t<\/div>\n\t\t<\/div>\n\t\t\t\t\t<\/div>\n\t\t<\/section>\n\t\t\t\t\t<\/div>\n\t\t<\/div>\n\t\t\t\t\t<\/div>\n\t\t<\/section>\n\t\t\t\t<\/div>","protected":false},"excerpt":{"rendered":"<p>Opening Hours Monday &#8211; Thursday 08am &#8211; 10pm Friday &#8211; Sunday 10am &#8211; 05pm Address 374 William S Canning Blvd, Fall River MA 2721 776 David Tower SDD, New York, London Call for Order +869 526 212 Reservation Book a Table<\/p>","protected":false},"author":1,"featured_media":0,"parent":0,"menu_order":0,"comment_status":"closed","ping_status":"closed","template":"template-builder.php","meta":{"footnotes":""},"class_list":["post-1298","page","type-page","status-publish","hentry"],"_links":{"self":[{"href":"https:\/\/thephams.eu\/hu\/wp-json\/wp\/v2\/pages\/1298","targetHints":{"allow":["GET"]}}],"collection":[{"href":"https:\/\/thephams.eu\/hu\/wp-json\/wp\/v2\/pages"}],"about":[{"href":"https:\/\/thephams.eu\/hu\/wp-json\/wp\/v2\/types\/page"}],"author":[{"embeddable":true,"href":"https:\/\/thephams.eu\/hu\/wp-json\/wp\/v2\/users\/1"}],"replies":[{"embeddable":true,"href":"https:\/\/thephams.eu\/hu\/wp-json\/wp\/v2\/comments?post=1298"}],"version-history":[{"count":1,"href":"https:\/\/thephams.eu\/hu\/wp-json\/wp\/v2\/pages\/1298\/revisions"}],"predecessor-version":[{"id":4320,"href":"https:\/\/thephams.eu\/hu\/wp-json\/wp\/v2\/pages\/1298\/revisions\/4320"}],"wp:attachment":[{"href":"https:\/\/thephams.eu\/hu\/wp-json\/wp\/v2\/media?parent=1298"}],"curies":[{"name":"wp","href":"https:\/\/api.w.org\/{rel}","templated":true}]}}