{"id":1082,"date":"2021-01-29T18:09:14","date_gmt":"2021-01-29T18:09:14","guid":{"rendered":"https:\/\/wordpress.vecurosoft.com\/grillinator\/?page_id=1082"},"modified":"2024-07-11T04:17:44","modified_gmt":"2024-07-11T04:17:44","slug":"menu-two","status":"publish","type":"page","link":"https:\/\/thephams.eu\/hu\/menu-two\/","title":{"rendered":"Menu Two"},"content":{"rendered":"<div data-elementor-type=\"wp-page\" data-elementor-id=\"1082\" class=\"elementor elementor-1082\" data-elementor-post-type=\"page\">\n\t\t\t\t\t\t<section class=\"elementor-section elementor-top-section elementor-element elementor-element-2e508bf elementor-section-boxed elementor-section-height-default elementor-section-height-default\" data-id=\"2e508bf\" data-element_type=\"section\">\n\t\t\t\t\t\t<div class=\"elementor-container elementor-column-gap-no\">\n\t\t\t\t\t<div class=\"elementor-column elementor-col-100 elementor-top-column elementor-element elementor-element-17f7c1d\" data-id=\"17f7c1d\" data-element_type=\"column\">\n\t\t\t<div class=\"elementor-widget-wrap elementor-element-populated\">\n\t\t\t\t\t\t<section class=\"elementor-section elementor-inner-section elementor-element elementor-element-a2fae50 elementor-section-content-middle elementor-section-boxed elementor-section-height-default elementor-section-height-default\" data-id=\"a2fae50\" data-element_type=\"section\">\n\t\t\t\t\t\t<div class=\"elementor-container elementor-column-gap-no\">\n\t\t\t\t\t<div class=\"elementor-column elementor-col-50 elementor-inner-column elementor-element elementor-element-384268b\" data-id=\"384268b\" data-element_type=\"column\">\n\t\t\t<div class=\"elementor-widget-wrap elementor-element-populated\">\n\t\t\t\t\t\t<div class=\"elementor-element elementor-element-db97a88 elementor-widget elementor-widget-grillinatorproductcategoryslider\" data-id=\"db97a88\" data-element_type=\"widget\" data-widget_type=\"grillinatorproductcategoryslider.default\">\n\t\t\t\t<div class=\"elementor-widget-container\">\n\t\t\t<div class=\"food-slider-layout1 vs-carousel bg-arrow-theme right\" data-slick-arrows=\"true\" data-slick-autoplay=\"true\" data-slide-to-show=\"1\"><div class=\"food-slide-box image-scale-hover\"><img decoding=\"async\" src=\"https:\/\/wordpress.vecurosoft.com\/grillino\/wp-content\/uploads\/2021\/02\/food-menu-img-2-1.jpg\" alt=\"food menu img 2 1\"  class=\"w-100\" \/><h3 class=\"food-slide-title mb-0 text-white\"><a  target=\"_blank\" rel=\"nofollow\" href=\"#\">Breakfast<\/a><\/h3><\/div><div class=\"food-slide-box image-scale-hover\"><img decoding=\"async\" src=\"https:\/\/wordpress.vecurosoft.com\/grillino\/wp-content\/uploads\/2021\/02\/food-menu-img-2-2.jpg\" alt=\"food menu img 2 2\"  class=\"w-100\" \/><h3 class=\"food-slide-title mb-0 text-white\"><a  target=\"_blank\" rel=\"nofollow\" href=\"#\">Diet Food<\/a><\/h3><\/div><\/div>\t\t<\/div>\n\t\t\t\t<\/div>\n\t\t\t\t\t<\/div>\n\t\t<\/div>\n\t\t\t\t<div class=\"elementor-column elementor-col-50 elementor-inner-column elementor-element elementor-element-6088390\" data-id=\"6088390\" data-element_type=\"column\" data-settings=\"{&quot;background_background&quot;:&quot;classic&quot;}\">\n\t\t\t<div class=\"elementor-widget-wrap elementor-element-populated\">\n\t\t\t\t\t\t<div class=\"elementor-element elementor-element-042bef7 elementor-widget elementor-widget-grillinatorproductlist\" data-id=\"042bef7\" data-element_type=\"widget\" data-widget_type=\"grillinatorproductlist.default\">\n\t\t\t\t<div class=\"elementor-widget-container\">\n\t\t\t<div class=\"food-list-wrapper food-list-layout1\"><div class=\"food-list-box\"><div class=\"food-list-top d-sm-flex justify-content-between\"><h3 class=\"food-list-title h4 mb-0\"><a href=\"https:\/\/thephams.eu\/hu\/product\/set-1\/\">SET 1<\/a><\/h3><span class=\"food-price text-md text-theme\"><span class=\"woocommerce-Price-amount amount\"><bdi>4690&nbsp;<span class=\"woocommerce-Price-currencySymbol\">&#70;&#116;<\/span><\/bdi><\/span><\/span><\/div><p class=\"food-text text-xs mb-0\">8 Ubork\u00e1s Maki, 8 Avocado Maki 8 Duck I.O. Szez\u00e1m<\/p><\/div><div class=\"food-list-box\"><div class=\"food-list-top d-sm-flex justify-content-between\"><h3 class=\"food-list-title h4 mb-0\"><a href=\"https:\/\/thephams.eu\/hu\/product\/set-2-maki-mix\/\">SET 2. Maki Mix<\/a><\/h3><span class=\"food-price text-md text-theme\"><span class=\"woocommerce-Price-amount amount\"><bdi>4690&nbsp;<span class=\"woocommerce-Price-currencySymbol\">&#70;&#116;<\/span><\/bdi><\/span><\/span><\/div><p class=\"food-text text-xs mb-0\">8 Salmon Maki, 8 Tuna Maki 8 Avok\u00e1d\u00f3 Maki<\/p><\/div><div class=\"food-list-box\"><div class=\"food-list-top d-sm-flex justify-content-between\"><h3 class=\"food-list-title h4 mb-0\"><a href=\"https:\/\/thephams.eu\/hu\/product\/set-3-veggie\/\">SET 3. Veggie<\/a><\/h3><span class=\"food-price text-md text-theme\"><span class=\"woocommerce-Price-amount amount\"><bdi>4990&nbsp;<span class=\"woocommerce-Price-currencySymbol\">&#70;&#116;<\/span><\/bdi><\/span><\/span><\/div><p class=\"food-text text-xs mb-0\">4 Mang\u00f3 Maki, 4 Retek Maki 4 avok\u00e1d\u00f3maki, 4 ubork\u00e1s maki 8 Fresh Garden I.O. Szez\u00e1m<\/p><\/div><div class=\"food-list-box\"><div class=\"food-list-top d-sm-flex justify-content-between\"><h3 class=\"food-list-title h4 mb-0\"><a href=\"https:\/\/thephams.eu\/hu\/product\/set-4-veggie-i-o\/\">SET 4. Veggie I.O<\/a><\/h3><span class=\"food-price text-md text-theme\"><span class=\"woocommerce-Price-amount amount\"><bdi>7490&nbsp;<span class=\"woocommerce-Price-currencySymbol\">&#70;&#116;<\/span><\/bdi><\/span><\/span><\/div><p class=\"food-text text-xs mb-0\">8 Avok\u00e1d\u00f3 I.O Szez\u00e1m 8 Uborka I.O Szez\u00e1m 8 Friss kerti I.O Szez\u00e1m 12 Tempura z\u00f6lds\u00e9gtekercs<\/p><\/div><div class=\"food-list-box\"><div class=\"food-list-top d-sm-flex justify-content-between\"><h3 class=\"food-list-title h4 mb-0\"><a href=\"https:\/\/thephams.eu\/hu\/product\/set-5-lachs-set\/\">SET 5. Lachs Set<\/a><\/h3><span class=\"food-price text-md text-theme\"><span class=\"woocommerce-Price-amount amount\"><bdi>10990&nbsp;<span class=\"woocommerce-Price-currencySymbol\">&#70;&#116;<\/span><\/bdi><\/span><\/span><\/div><p class=\"food-text text-xs mb-0\">5 szelet lazac sashimi 8 lazac maki 8 Alaska I.O szez\u00e1m 6 lazac tempura<\/p><\/div><\/div>\t\t<\/div>\n\t\t\t\t<\/div>\n\t\t\t\t\t<\/div>\n\t\t<\/div>\n\t\t\t\t\t<\/div>\n\t\t<\/section>\n\t\t\t\t<section class=\"elementor-section elementor-inner-section elementor-element elementor-element-46bc384 elementor-section-content-middle elementor-reverse-mobile elementor-reverse-tablet elementor-section-boxed elementor-section-height-default elementor-section-height-default\" data-id=\"46bc384\" data-element_type=\"section\">\n\t\t\t\t\t\t<div class=\"elementor-container elementor-column-gap-no\">\n\t\t\t\t\t<div class=\"elementor-column elementor-col-50 elementor-inner-column elementor-element elementor-element-7603166\" data-id=\"7603166\" data-element_type=\"column\" data-settings=\"{&quot;background_background&quot;:&quot;classic&quot;}\">\n\t\t\t<div class=\"elementor-widget-wrap elementor-element-populated\">\n\t\t\t\t\t\t<div class=\"elementor-element elementor-element-b285330 elementor-widget elementor-widget-grillinatorproductlist\" data-id=\"b285330\" data-element_type=\"widget\" data-widget_type=\"grillinatorproductlist.default\">\n\t\t\t\t<div class=\"elementor-widget-container\">\n\t\t\t<div class=\"food-list-wrapper food-list-layout1\"><div class=\"food-list-box\"><div class=\"food-list-top d-sm-flex justify-content-between\"><h3 class=\"food-list-title h4 mb-0\"><a href=\"https:\/\/thephams.eu\/hu\/product\/set-1\/\">SET 1<\/a><\/h3><span class=\"food-price text-md text-theme\"><span class=\"woocommerce-Price-amount amount\"><bdi>4690&nbsp;<span class=\"woocommerce-Price-currencySymbol\">&#70;&#116;<\/span><\/bdi><\/span><\/span><\/div><p class=\"food-text text-xs mb-0\">8 Ubork\u00e1s Maki, 8 Avocado Maki 8 Duck I.O. Szez\u00e1m<\/p><\/div><div class=\"food-list-box\"><div class=\"food-list-top d-sm-flex justify-content-between\"><h3 class=\"food-list-title h4 mb-0\"><a href=\"https:\/\/thephams.eu\/hu\/product\/set-2-maki-mix\/\">SET 2. Maki Mix<\/a><\/h3><span class=\"food-price text-md text-theme\"><span class=\"woocommerce-Price-amount amount\"><bdi>4690&nbsp;<span class=\"woocommerce-Price-currencySymbol\">&#70;&#116;<\/span><\/bdi><\/span><\/span><\/div><p class=\"food-text text-xs mb-0\">8 Salmon Maki, 8 Tuna Maki 8 Avok\u00e1d\u00f3 Maki<\/p><\/div><div class=\"food-list-box\"><div class=\"food-list-top d-sm-flex justify-content-between\"><h3 class=\"food-list-title h4 mb-0\"><a href=\"https:\/\/thephams.eu\/hu\/product\/set-3-veggie\/\">SET 3. Veggie<\/a><\/h3><span class=\"food-price text-md text-theme\"><span class=\"woocommerce-Price-amount amount\"><bdi>4990&nbsp;<span class=\"woocommerce-Price-currencySymbol\">&#70;&#116;<\/span><\/bdi><\/span><\/span><\/div><p class=\"food-text text-xs mb-0\">4 Mang\u00f3 Maki, 4 Retek Maki 4 avok\u00e1d\u00f3maki, 4 ubork\u00e1s maki 8 Fresh Garden I.O. Szez\u00e1m<\/p><\/div><div class=\"food-list-box\"><div class=\"food-list-top d-sm-flex justify-content-between\"><h3 class=\"food-list-title h4 mb-0\"><a href=\"https:\/\/thephams.eu\/hu\/product\/set-4-veggie-i-o\/\">SET 4. Veggie I.O<\/a><\/h3><span class=\"food-price text-md text-theme\"><span class=\"woocommerce-Price-amount amount\"><bdi>7490&nbsp;<span class=\"woocommerce-Price-currencySymbol\">&#70;&#116;<\/span><\/bdi><\/span><\/span><\/div><p class=\"food-text text-xs mb-0\">8 Avok\u00e1d\u00f3 I.O Szez\u00e1m 8 Uborka I.O Szez\u00e1m 8 Friss kerti I.O Szez\u00e1m 12 Tempura z\u00f6lds\u00e9gtekercs<\/p><\/div><div class=\"food-list-box\"><div class=\"food-list-top d-sm-flex justify-content-between\"><h3 class=\"food-list-title h4 mb-0\"><a href=\"https:\/\/thephams.eu\/hu\/product\/set-5-lachs-set\/\">SET 5. Lachs Set<\/a><\/h3><span class=\"food-price text-md text-theme\"><span class=\"woocommerce-Price-amount amount\"><bdi>10990&nbsp;<span class=\"woocommerce-Price-currencySymbol\">&#70;&#116;<\/span><\/bdi><\/span><\/span><\/div><p class=\"food-text text-xs mb-0\">5 szelet lazac sashimi 8 lazac maki 8 Alaska I.O szez\u00e1m 6 lazac tempura<\/p><\/div><\/div>\t\t<\/div>\n\t\t\t\t<\/div>\n\t\t\t\t\t<\/div>\n\t\t<\/div>\n\t\t\t\t<div class=\"elementor-column elementor-col-50 elementor-inner-column elementor-element elementor-element-9f6784b\" data-id=\"9f6784b\" data-element_type=\"column\">\n\t\t\t<div class=\"elementor-widget-wrap elementor-element-populated\">\n\t\t\t\t\t\t<div class=\"elementor-element elementor-element-1ce88e6 elementor-widget elementor-widget-grillinatorproductcategoryslider\" data-id=\"1ce88e6\" data-element_type=\"widget\" data-widget_type=\"grillinatorproductcategoryslider.default\">\n\t\t\t\t<div class=\"elementor-widget-container\">\n\t\t\t<div class=\"food-slider-layout1 vs-carousel bg-arrow-theme right\" data-slick-arrows=\"true\" data-slick-autoplay=\"true\" data-slide-to-show=\"1\"><div class=\"food-slide-box image-scale-hover\"><img decoding=\"async\" src=\"https:\/\/wordpress.vecurosoft.com\/grillino\/wp-content\/uploads\/2021\/02\/food-menu-img-2-3.jpg\" alt=\"food menu img 2 3\"  class=\"w-100\" \/><h3 class=\"food-slide-title mb-0 text-white\"><a  target=\"_blank\" rel=\"nofollow\" href=\"#\">Breakfast<\/a><\/h3><\/div><div class=\"food-slide-box image-scale-hover\"><img decoding=\"async\" src=\"https:\/\/wordpress.vecurosoft.com\/grillino\/wp-content\/uploads\/2021\/02\/food-menu-img-2-4.jpg\" alt=\"food menu img 2 4\"  class=\"w-100\" \/><h3 class=\"food-slide-title mb-0 text-white\"><a  target=\"_blank\" rel=\"nofollow\" href=\"#\">Diet Food<\/a><\/h3><\/div><\/div>\t\t<\/div>\n\t\t\t\t<\/div>\n\t\t\t\t\t<\/div>\n\t\t<\/div>\n\t\t\t\t\t<\/div>\n\t\t<\/section>\n\t\t\t\t<section class=\"elementor-section elementor-inner-section elementor-element elementor-element-1f1f333 elementor-section-content-middle elementor-section-boxed elementor-section-height-default elementor-section-height-default\" data-id=\"1f1f333\" data-element_type=\"section\">\n\t\t\t\t\t\t<div class=\"elementor-container elementor-column-gap-no\">\n\t\t\t\t\t<div class=\"elementor-column elementor-col-50 elementor-inner-column elementor-element elementor-element-13f4242\" data-id=\"13f4242\" data-element_type=\"column\">\n\t\t\t<div class=\"elementor-widget-wrap elementor-element-populated\">\n\t\t\t\t\t\t<div class=\"elementor-element elementor-element-a52caf5 elementor-widget elementor-widget-grillinatorproductcategoryslider\" data-id=\"a52caf5\" data-element_type=\"widget\" data-widget_type=\"grillinatorproductcategoryslider.default\">\n\t\t\t\t<div class=\"elementor-widget-container\">\n\t\t\t<div class=\"food-slider-layout1 vs-carousel bg-arrow-theme right\" data-slick-arrows=\"true\" data-slick-autoplay=\"true\" data-slide-to-show=\"1\"><div class=\"food-slide-box image-scale-hover\"><img decoding=\"async\" src=\"https:\/\/wordpress.vecurosoft.com\/grillino\/wp-content\/uploads\/2021\/02\/food-menu-img-2-5.jpg\" alt=\"food menu img 2 5\"  class=\"w-100\" \/><h3 class=\"food-slide-title mb-0 text-white\"><a  target=\"_blank\" rel=\"nofollow\" href=\"#\">Breakfast<\/a><\/h3><\/div><div class=\"food-slide-box image-scale-hover\"><img decoding=\"async\" src=\"https:\/\/wordpress.vecurosoft.com\/grillino\/wp-content\/uploads\/2021\/02\/food-menu-img-2-6.jpg\" alt=\"food menu img 2 6\"  class=\"w-100\" \/><h3 class=\"food-slide-title mb-0 text-white\"><a  target=\"_blank\" rel=\"nofollow\" href=\"#\">Diet Food<\/a><\/h3><\/div><\/div>\t\t<\/div>\n\t\t\t\t<\/div>\n\t\t\t\t\t<\/div>\n\t\t<\/div>\n\t\t\t\t<div class=\"elementor-column elementor-col-50 elementor-inner-column elementor-element elementor-element-d3a1aec\" data-id=\"d3a1aec\" data-element_type=\"column\" data-settings=\"{&quot;background_background&quot;:&quot;classic&quot;}\">\n\t\t\t<div class=\"elementor-widget-wrap elementor-element-populated\">\n\t\t\t\t\t\t<div class=\"elementor-element elementor-element-7258682 elementor-widget elementor-widget-grillinatorproductlist\" data-id=\"7258682\" data-element_type=\"widget\" data-widget_type=\"grillinatorproductlist.default\">\n\t\t\t\t<div class=\"elementor-widget-container\">\n\t\t\t<div class=\"food-list-wrapper food-list-layout1\"><div class=\"food-list-box\"><div class=\"food-list-top d-sm-flex justify-content-between\"><h3 class=\"food-list-title h4 mb-0\"><a href=\"https:\/\/thephams.eu\/hu\/product\/set-1\/\">SET 1<\/a><\/h3><span class=\"food-price text-md text-theme\"><span class=\"woocommerce-Price-amount amount\"><bdi>4690&nbsp;<span class=\"woocommerce-Price-currencySymbol\">&#70;&#116;<\/span><\/bdi><\/span><\/span><\/div><p class=\"food-text text-xs mb-0\">8 Ubork\u00e1s Maki, 8 Avocado Maki 8 Duck I.O. Szez\u00e1m<\/p><\/div><div class=\"food-list-box\"><div class=\"food-list-top d-sm-flex justify-content-between\"><h3 class=\"food-list-title h4 mb-0\"><a href=\"https:\/\/thephams.eu\/hu\/product\/set-2-maki-mix\/\">SET 2. Maki Mix<\/a><\/h3><span class=\"food-price text-md text-theme\"><span class=\"woocommerce-Price-amount amount\"><bdi>4690&nbsp;<span class=\"woocommerce-Price-currencySymbol\">&#70;&#116;<\/span><\/bdi><\/span><\/span><\/div><p class=\"food-text text-xs mb-0\">8 Salmon Maki, 8 Tuna Maki 8 Avok\u00e1d\u00f3 Maki<\/p><\/div><div class=\"food-list-box\"><div class=\"food-list-top d-sm-flex justify-content-between\"><h3 class=\"food-list-title h4 mb-0\"><a href=\"https:\/\/thephams.eu\/hu\/product\/set-3-veggie\/\">SET 3. Veggie<\/a><\/h3><span class=\"food-price text-md text-theme\"><span class=\"woocommerce-Price-amount amount\"><bdi>4990&nbsp;<span class=\"woocommerce-Price-currencySymbol\">&#70;&#116;<\/span><\/bdi><\/span><\/span><\/div><p class=\"food-text text-xs mb-0\">4 Mang\u00f3 Maki, 4 Retek Maki 4 avok\u00e1d\u00f3maki, 4 ubork\u00e1s maki 8 Fresh Garden I.O. Szez\u00e1m<\/p><\/div><div class=\"food-list-box\"><div class=\"food-list-top d-sm-flex justify-content-between\"><h3 class=\"food-list-title h4 mb-0\"><a href=\"https:\/\/thephams.eu\/hu\/product\/set-4-veggie-i-o\/\">SET 4. Veggie I.O<\/a><\/h3><span class=\"food-price text-md text-theme\"><span class=\"woocommerce-Price-amount amount\"><bdi>7490&nbsp;<span class=\"woocommerce-Price-currencySymbol\">&#70;&#116;<\/span><\/bdi><\/span><\/span><\/div><p class=\"food-text text-xs mb-0\">8 Avok\u00e1d\u00f3 I.O Szez\u00e1m 8 Uborka I.O Szez\u00e1m 8 Friss kerti I.O Szez\u00e1m 12 Tempura z\u00f6lds\u00e9gtekercs<\/p><\/div><div class=\"food-list-box\"><div class=\"food-list-top d-sm-flex justify-content-between\"><h3 class=\"food-list-title h4 mb-0\"><a href=\"https:\/\/thephams.eu\/hu\/product\/set-5-lachs-set\/\">SET 5. Lachs Set<\/a><\/h3><span class=\"food-price text-md text-theme\"><span class=\"woocommerce-Price-amount amount\"><bdi>10990&nbsp;<span class=\"woocommerce-Price-currencySymbol\">&#70;&#116;<\/span><\/bdi><\/span><\/span><\/div><p class=\"food-text text-xs mb-0\">5 szelet lazac sashimi 8 lazac maki 8 Alaska I.O szez\u00e1m 6 lazac tempura<\/p><\/div><\/div>\t\t<\/div>\n\t\t\t\t<\/div>\n\t\t\t\t\t<\/div>\n\t\t<\/div>\n\t\t\t\t\t<\/div>\n\t\t<\/section>\n\t\t\t\t\t<\/div>\n\t\t<\/div>\n\t\t\t\t\t<\/div>\n\t\t<\/section>\n\t\t\t\t<\/div>","protected":false},"excerpt":{"rendered":"<p>Breakfast Diet Food Mustard Chicken with &#36;2.00 &#36;3.00 T-Shirt with Logo &#36;18.00 Buttermilk Fried With &#36;11.05 Parmesan Vegetable &#36;18.00 &#36;20.00 Bacon Ranch Pasta &#36;111.00 Mustard Chicken with &#36;2.00 &#36;3.00 T-Shirt with Logo &#36;18.00 Buttermilk Fried With &#36;11.05 Parmesan Vegetable &#36;18.00 &#36;20.00 Bacon Ranch Pasta &#36;111.00 Breakfast Diet Food Breakfast Diet Food Mustard Chicken with &#36;2.00&#8230;<\/p>","protected":false},"author":1,"featured_media":0,"parent":0,"menu_order":0,"comment_status":"closed","ping_status":"closed","template":"template-builder.php","meta":{"footnotes":""},"class_list":["post-1082","page","type-page","status-publish","hentry","vs-product"],"_links":{"self":[{"href":"https:\/\/thephams.eu\/hu\/wp-json\/wp\/v2\/pages\/1082","targetHints":{"allow":["GET"]}}],"collection":[{"href":"https:\/\/thephams.eu\/hu\/wp-json\/wp\/v2\/pages"}],"about":[{"href":"https:\/\/thephams.eu\/hu\/wp-json\/wp\/v2\/types\/page"}],"author":[{"embeddable":true,"href":"https:\/\/thephams.eu\/hu\/wp-json\/wp\/v2\/users\/1"}],"replies":[{"embeddable":true,"href":"https:\/\/thephams.eu\/hu\/wp-json\/wp\/v2\/comments?post=1082"}],"version-history":[{"count":1,"href":"https:\/\/thephams.eu\/hu\/wp-json\/wp\/v2\/pages\/1082\/revisions"}],"predecessor-version":[{"id":4309,"href":"https:\/\/thephams.eu\/hu\/wp-json\/wp\/v2\/pages\/1082\/revisions\/4309"}],"wp:attachment":[{"href":"https:\/\/thephams.eu\/hu\/wp-json\/wp\/v2\/media?parent=1082"}],"curies":[{"name":"wp","href":"https:\/\/api.w.org\/{rel}","templated":true}]}}